
{"id":2430,"date":"2019-01-22T08:31:57","date_gmt":"2019-01-22T08:31:57","guid":{"rendered":"https:\/\/sugardaddyplanet.com\/?page_id=2430"},"modified":"2025-06-09T10:01:43","modified_gmt":"2025-06-09T09:01:43","slug":"condiciones-de-uso","status":"publish","type":"page","link":"https:\/\/sugardaddygayclub.com\/es\/terms-of-use\/","title":{"rendered":"Condiciones de uso"},"content":{"rendered":"<h1><span>1-.Condiciones de uso y contrataci\u00f3n de servicios en sugardaddyuk.uk<\/span><\/h1>\n<h3><span>Los precios:<\/span><\/h3>\n<p><span>Los precios de sugardaddyuk.uk incluyen los impuestos vigentes en el Reino Unido. Los precios se dividen seg\u00fan un acceso.\u00a0<\/span><br \/>\n<span>sugardaddyuk.uk dispone de tres planes para acceder a la red social.<\/span><\/p>\n<p><span>\u2022\u00a0<\/span><strong><span>Acceso libre:<\/span><\/strong><span>\u00a0a trav\u00e9s del cual el usuario puede acceder a la red social y ver perfiles, as\u00ed como leer en el foro, pero no puede enviar mensajes privados ni publicar en el foro.\u00a0<\/span><br \/>\n<span>\u2022\u00a0<\/span><strong><span>Acceso mensual:<\/span><\/strong><span>\u00a0por el que el usuario puede acceder a la red social y al foro, as\u00ed como publicar en el foro y enviar mensajes privados durante los meses que renueve la suscripci\u00f3n *.\u00a0<\/span><br \/>\n<span>\u2022\u00a0<\/span><strong><span>Acceso trimestral:<\/span><\/strong><span>\u00a0por el que el usuario puede acceder durante trimestres en el renovar la suscripci\u00f3n *<\/span><\/p>\n<p><span>\u2022\u00a0<\/span><strong><span>Acceso anual:<\/span><\/strong><span>\u00a0al que el usuario puede acceder durante un a\u00f1o.<\/span><\/p>\n<p><span>* La suscripci\u00f3n se renueva autom\u00e1ticamente a trav\u00e9s de una suscripci\u00f3n realizada en PayPal. La cancelaci\u00f3n de la suscripci\u00f3n est\u00e1 vinculada al sistema de pago paypal por lo que la cancelaci\u00f3n se realiza desde la plataforma Paypal. No hay permanencia por lo que puedes darte de baja en cualquier momento, cancel\u00e1ndose el siguiente pago pero no el pago ya abonado.<\/span><\/p>\n<h2><span>2-.Volver a la derecha:<\/span><\/h2>\n<p><span>Se aplica en este apartado lo dispuesto en el art\u00edculo 103 a) del Real Decreto Legislativo 1\/2007, de 16 de noviembre, por el que se aprueba el texto refundido de la Ley General para la Defensa de los Consumidores y Usuarios y otras leyes complementarias. ; \u201cA) La prestaci\u00f3n de servicios, una vez ejecutada totalmente la prestaci\u00f3n, cuando se haya iniciado la ejecuci\u00f3n, con el previo consentimiento expreso del consumidor y usuario y con el reconocimiento por su parte de que es consciente de que, una vez ejecutado totalmente el contrato por el empresario, habr\u00e1 perdido su derecho de desistimiento. \u201d<\/span><br \/>\n<span>B\u00e1sicamente, en el momento en que se produce en el primer inicio de sesi\u00f3n pagado en la plataforma, el usuario pierde su derecho de desistimiento del pago en curso, teniendo acceso al servicio de mensajer\u00eda privada. Por lo tanto, si no desea seguir utilizando el servicio, debe darse de baja de su cuenta PayPal.\u00a0<\/span><br \/>\n<span>El usuario podr\u00e1 solicitar cuanta informaci\u00f3n desee antes de darse de alta en la plataforma a trav\u00e9s del \u00e1rea de contacto, pero en ning\u00fan caso se har\u00e1n devoluciones de los importes mensuales, ni de los pagos anuales que ya se hubieran hecho efectivos.<\/span><\/p>\n<h2><span>3-. Pol\u00edtica de conducta de los usuarios:<\/span><\/h2>\n<p><span>El incumplimiento de las siguientes normas supondr\u00e1 la expulsi\u00f3n de la plataforma sin derecho a devoluci\u00f3n del dinero aportado y sin perjuicio de las acciones legales que correspondan al titular de la web. En concreto, el usuario se compromete a:<\/span><\/p>\n<ol>\n<li><span>No hagas usos ilegales o inmorales con los contenidos ofrecidos.<\/span><\/li>\n<li><span>No tome ni descargue ni haga capturas de pantalla de los contenidos de los perfiles.<\/span><\/li>\n<li><span>Mantener la confidencialidad y no distribuir contenidos u opiniones de los usuarios y fuera de la red social.<\/span><\/li>\n<li><span>No ataques ni manipules la web en ninguna de sus formas.<\/span><\/li>\n<li><span>Lesionar o faltar a la moral o derechos de los creadores, usuarios y personal de sugardaddyuk.uk como Administradores, dise\u00f1adores o programadores. Seremos especialmente combativos con cualquier comentario xen\u00f3fobo o discriminatorio con expulsi\u00f3n inmediata. Tambi\u00e9n rechazamos estafas, negocios piramidales y cualquier contenido que pueda parecer fraudulento o contrario a las buenas pr\u00e1cticas.<\/span><\/li>\n<li><span>SugardaddyUK se reserva el derecho de admisi\u00f3n de usuarios durante el periodo de prueba y podr\u00e1n ser expulsados si se detecta alg\u00fan comportamiento sospechoso.<\/span><\/li>\n<li><span>Las opiniones, conversaciones o env\u00edo de archivos dentro de sugardaddyusa y entre usuarios no podr\u00e1n salir de la web ni ser citadas, referenciadas o comunicadas fuera de la red social y de los canales establecidos como notificaciones por correo electr\u00f3nico.<\/span><\/li>\n<\/ol>\n<h3><span>Reglas del foro:<\/span><\/h3>\n<ol>\n<li><span>Los anuncios de contacto no est\u00e1n permitidos, para eso est\u00e1 la red social.<\/span><\/li>\n<li><span>Cualquier ataque a la web o a cualquiera de su equipo ser\u00e1 motivo de expulsi\u00f3n del foro<\/span><\/li>\n<li><span>No se admiten contenidos er\u00f3ticos o pornogr\u00e1ficos<\/span><\/li>\n<li><span>No se permitir\u00e1 la publicidad de p\u00e1ginas web que consideremos innecesarias para dar una informaci\u00f3n correcta o que menoscaben la competitividad de la web.<\/span><\/li>\n<li><span>No se permiten mensajes repetidos o duplicados<\/span><\/li>\n<li><span>No se permiten mensajes obscenos, de mal gusto o ilegales.<\/span><\/li>\n<li><span>Queda terminantemente prohibido poner enlaces con contenido ilegal, software pirata, n\u00fameros de serie o que infrinjan los derechos de autor.<\/span><\/li>\n<li><span>\u00a0El usuario que altere el buen funcionamiento del foro con quejas reiteradas, haga caso omiso a los Moderadores, a la Administraci\u00f3n o a las Normas del Foro, ser\u00e1 sancionado o expulsado del foro seg\u00fan la gravedad. Los mensajes p\u00fablicos relativos a las tareas de moderaci\u00f3n\/administraci\u00f3n (editar o borrar un mensaje, cerrar un hilo, expulsi\u00f3n del Foro, etc.) ser\u00e1n borrados, en caso de quejas de moderaci\u00f3n deber\u00e1n hacerlo por privado al moderador y en caso de no obtener respuesta deber\u00e1n comunicarlo al Webmaster o Administradores Son los administradores y moderadores de los foros quienes tienen la potestad de determinar si un mensaje es admisible o no.<\/span><\/li>\n<li><span>Todo usuario tiene derecho a denunciar cualquier incumplimiento de las normas del foro, informando al Webmaster, Administradores o Moderadores, que tomar\u00e1n las medidas oportunas.<\/span><\/li>\n<\/ol>\n<h2><span>4-.Alta en la red social y medios de pago.<\/span><\/h2>\n<p><span>La inscripci\u00f3n en la red social implica la suscripci\u00f3n de acceso.<\/span><\/p>\n<p><span>Formas de pago: el pago puede ser mensual, trimestral y anual a trav\u00e9s de PayPal<\/span><\/p>\n<p><span>Descuentos en el acceso de pago.\u00a0<\/span><br \/>\n<span>En algunas fechas concretas del a\u00f1o, la direcci\u00f3n podr\u00e1 utilizar la p\u00e1gina de inicio del sitio web sugardaddyuk.uk o los boletines informativos para anunciar ofertas a nuevos o antiguos usuarios de forma espec\u00edfica y sin compensaci\u00f3n o contraprestaci\u00f3n para el resto de usuarios ya registrados.<\/span><\/p>\n<h2><span>5-.Boletines electr\u00f3nicos.<\/span><\/h2>\n<p><span>Podremos enviar informaci\u00f3n de los servicios y\/o productos contratados o similares a los mismos a los suscriptores, alumnos y antiguos alumnos. Estar registrado en sugardaddyuk.uk implica un consentimiento expreso. En cualquier caso, puedes darte de baja de los mismos emails de las listas.<\/span><\/p>\n<h2><span>6-. Opciones de configuraci\u00f3n voluntaria de la privacidad.<\/span><\/h2>\n<p><span>- Eres libre de proporcionar o no informaci\u00f3n personal en sugardaddyuk.uk dentro de la red social, as\u00ed como de modificarla o eliminarla manualmente. Puedes configurar tus preferencias de notificaci\u00f3n y correo electr\u00f3nico entrando en tu cuenta a trav\u00e9s del Sitio Web.\u00a0<\/span><br \/>\n<span>- Tenga en cuenta que aunque decida no suscribirse o darse de baja de correos electr\u00f3nicos promocionales o boletines, es posible que necesitemos ponernos en contacto con usted para informarle sobre transacciones y sus compras.\u00a0<\/span><br \/>\n<span>- Puede configurar la forma en que su navegador gestiona las cookies a trav\u00e9s de sus opciones de privacidad y seguridad.\u00a0<\/span><br \/>\n<span>4.8.2. Boletines electr\u00f3nicos\u00a0<\/span><br \/>\n<span>- Recibir\u00e1s correos electr\u00f3nicos y avisos sobre nuevos mensajes o interacciones en la red social.<\/span><br \/>\n<span>- Recibir\u00e1 correos electr\u00f3nicos cuando se suscriba a un tema o alguien quiera ponerse en contacto con usted.<\/span><\/p>\n<p><a href=\"https:\/\/sugardaddygayclub.com\/es\/politica-de-privacidad\/\"><span>Puede leer aqu\u00ed la pol\u00edtica de privacidad y cookies<\/span><\/a><\/p>\n<h2><span>7-.Razones de seguridad.<\/span><\/h2>\n<p><span>Para evitar ataques, guardaremos datos de localizaci\u00f3n, tipo de navegador y sistema operativo, los ajustes de navegaci\u00f3n del Sitio Web (como cookies) y el historial de compras para proporcionar informaci\u00f3n personalizada en el Sitio Web y boletines informativos (opcionales).\u00a0<\/span><br \/>\n<span>4.8.4. Concursos, y otros.\u00a0<\/span><br \/>\n<span>En Sugardaddyusa podemos realizar concursos. Nos reservamos el derecho de solicitar informaci\u00f3n adicional si fuera necesario para el env\u00edo de regalos o cualquier otra necesaria para la consecuci\u00f3n del concurso.<\/span><\/p>\n<p><span>Nuestros usuarios est\u00e1n protegidos por la normativa en materia de Protecci\u00f3n de Datos a nivel europeo y nacional. Tal y como reconoce la normativa GDPR, puedes acceder a tus datos, rectificar lo que consideres oportuno, limitar su uso, oponerte a su uso, cancelar los datos que nos hayas facilitado o transferir los datos que almacenamos a un tercero.\u00a0<\/span><br \/>\n<span>Si desea darse de baja de nuestra plataforma, p\u00f3ngase en contacto con nuestro equipo de asistencia.\u00a0<\/span><br \/>\n<span>4.10. Caracter\u00edsticas de las redes sociales o foros.<\/span><br \/>\n<span>El sitio web contiene conexiones a \u00e1reas en las que puede publicar informaci\u00f3n, comunicarse con otras personas, como en foros de debate o blogs, rese\u00f1ar productos y publicar su propio contenido original. Toda la informaci\u00f3n que publiques puede ser accesible para cualquiera, salvo los mensajes privados entre usuarios.\u00a0<\/span><br \/>\n<span>Si publica su direcci\u00f3n de correo electr\u00f3nico junto con el comentario p\u00fablico, puede recibir mensajes no deseados. Te recomendamos que evites publicar tus datos personales o los de terceros. Debes modificarlos manualmente, sugardaddyuk.uk no gestiona datos personales no solicitados previamente.<\/span><\/p>\n<h2><span>8-.Devoluci\u00f3n y\/o reembolso.<\/span><\/h2>\n<p><span>Debido a las condiciones de la red social y la exposici\u00f3n de su contenido no podemos realizar devoluciones ni cancelar la suscripci\u00f3n, ya que la base de sugardaddyuk.uk es el acceso a la red social con derecho a comunicaci\u00f3n durante la duraci\u00f3n de la suscripci\u00f3n y damos El servicio se cumple d\u00e1ndote acceso independientemente de su uso.<\/span><br \/>\n<span>Esta norma es inapelable, salvo en el caso de que el usuario no se haya activado en el abono de pago en la plataforma y no haya tenido acceso a los mensajes privados o a la posibilidad de enviar mensajes privados, (se entiende que el poder enviar un mensaje es acceso a contenidos de pago). Hecho que deber\u00e1 ser acreditado por el usuario. Sugardaddyusa tambi\u00e9n se reserva el derecho de admisi\u00f3n en cualquier caso, pudiendo decidir la expulsi\u00f3n de un usuario si su comportamiento es inadecuado o reincidente, si realiza acusaciones hacia la plataforma, sus contenidos o sus responsables o si supone una amenaza. En estos casos, Sugardaddyusa no realizar\u00e1 ning\u00fan reembolso.<\/span><br \/>\n<span>Asimismo, el usuario realiza pagos por poder enviar mensajes privados a otros usuarios temporalmente en la red social, esto significa que el usuario permanecer\u00e1 con acceso a este servicio mientras dure dicho pago. No se paga por enviar mensajes privados, sino por la posibilidad de acceder a los mensajes privados y al servicio de comunicaci\u00f3n privada con otros usuarios.<\/span><\/p>\n<p><span>Si tiene alguna pregunta, puede ponerse en contacto con nuestro\u00a0<\/span><a href=\"https:\/\/sugardaddygayclub.com\/es\/contacto\/\"><span>secci\u00f3n de contacto<\/span><\/a><span> o env\u00ede un correo electr\u00f3nico a info@sugardaddyplanet.com<\/span><\/p>","protected":false},"excerpt":{"rendered":"<p>1-.Terms of use and contracting of services in sugardaddyuk.uk Prices: sugardaddyuk.uk prices include taxes in force in UK. Prices are divided according to one access.\u00a0 sugardaddyuk.uk has three plans to access the social network. \u2022\u00a0Free access:\u00a0through which the user can access the social network and view profiles as well as reading in the forum but [&hellip;]<\/p>\n","protected":false},"author":1,"featured_media":0,"parent":0,"menu_order":0,"comment_status":"closed","ping_status":"closed","template":"","meta":{"_bbp_topic_count":0,"_bbp_reply_count":0,"_bbp_total_topic_count":0,"_bbp_total_reply_count":0,"_bbp_voice_count":0,"_bbp_anonymous_reply_count":0,"_bbp_topic_count_hidden":0,"_bbp_reply_count_hidden":0,"_bbp_forum_subforum_count":0,"footnotes":""},"class_list":["post-2430","page","type-page","status-publish","hentry"],"featured_image_urls":{"full":"","thumbnail":"","medium":"","medium_large":"","large":"","1536x1536":"","2048x2048":"","trp-custom-language-flag":"","rt_media_thumbnail":"","rt_media_activity_image":"","rt_media_single_image":"","rt_media_featured_image":"","post-thumbnail":"","blog_carousel":"","adverts-gallery":"","adverts-list":"","adverts-upload-thumbnail":"","woocommerce_thumbnail":"","woocommerce_single":"","woocommerce_gallery_thumbnail":""},"post_excerpt_stackable":"<p>1-.Terms of use and contracting of services in sugardaddyuk.uk Prices: sugardaddyuk.uk prices include taxes in force in UK. Prices are divided according to one access.\u00a0 sugardaddyuk.uk has three plans to access the social network. \u2022\u00a0Free access:\u00a0through which the user can access the social network and view profiles as well as reading in the forum but cannot send private messages or publish in the forum.\u00a0 \u2022\u00a0Monthly access:\u00a0by which the user can access the social network and the forum as well as publish in the forum and send private messages during the months that the subscription renews *\u00a0 \u2022\u00a0Quarterly access:\u00a0by which the&hellip;<\/p>\n","category_list":"","author_info":{"name":"Admin","url":"https:\/\/sugardaddygayclub.com\/es\/author\/poweb\/"},"comments_num":"0 comments","featured_image_urls_v2":{"full":"","thumbnail":"","medium":"","medium_large":"","large":"","1536x1536":"","2048x2048":"","trp-custom-language-flag":"","rt_media_thumbnail":"","rt_media_activity_image":"","rt_media_single_image":"","rt_media_featured_image":"","post-thumbnail":"","blog_carousel":"","adverts-gallery":"","adverts-list":"","adverts-upload-thumbnail":"","woocommerce_thumbnail":"","woocommerce_single":"","woocommerce_gallery_thumbnail":""},"post_excerpt_stackable_v2":"<p>1-.Terms of use and contracting of services in sugardaddyuk.uk Prices: sugardaddyuk.uk prices include taxes in force in UK. Prices are divided according to one access.\u00a0 sugardaddyuk.uk has three plans to access the social network. \u2022\u00a0Free access:\u00a0through which the user can access the social network and view profiles as well as reading in the forum but cannot send private messages or publish in the forum.\u00a0 \u2022\u00a0Monthly access:\u00a0by which the user can access the social network and the forum as well as publish in the forum and send private messages during the months that the subscription renews *\u00a0 \u2022\u00a0Quarterly access:\u00a0by which the&hellip;<\/p>\n","category_list_v2":"","author_info_v2":{"name":"Admin","url":"https:\/\/sugardaddygayclub.com\/es\/author\/poweb\/"},"comments_num_v2":"0 comments","yoast_head":"<!-- This site is optimized with the Yoast SEO plugin v27.1.1 - https:\/\/yoast.com\/product\/yoast-seo-wordpress\/ -->\n<title>Terms of use<\/title>\n<meta name=\"robots\" content=\"noindex, nofollow\" \/>\n<meta property=\"og:locale\" content=\"es_ES\" \/>\n<meta property=\"og:type\" content=\"article\" \/>\n<meta property=\"og:title\" content=\"Terms of use\" \/>\n<meta property=\"og:description\" content=\"1-.Terms of use and contracting of services in sugardaddyuk.uk Prices: sugardaddyuk.uk prices include taxes in force in UK. Prices are divided according to one access.\u00a0 sugardaddyuk.uk has three plans to access the social network. \u2022\u00a0Free access:\u00a0through which the user can access the social network and view profiles as well as reading in the forum but [&hellip;]\" \/>\n<meta property=\"og:url\" content=\"https:\/\/sugardaddygayclub.com\/es\/condiciones-de-uso\/\" \/>\n<meta property=\"og:site_name\" content=\"Sugar Daddy Planet\" \/>\n<meta property=\"article:modified_time\" content=\"2025-06-09T09:01:43+00:00\" \/>\n<meta name=\"twitter:card\" content=\"summary_large_image\" \/>\n<meta name=\"twitter:label1\" content=\"Tiempo de lectura\" \/>\n\t<meta name=\"twitter:data1\" content=\"7 minutos\" \/>\n<script type=\"application\/ld+json\" class=\"yoast-schema-graph\">{\"@context\":\"https:\/\/schema.org\",\"@graph\":[{\"@type\":\"WebPage\",\"@id\":\"https:\/\/sugardaddygayclub.com\/terms-of-use\/\",\"url\":\"https:\/\/sugardaddygayclub.com\/terms-of-use\/\",\"name\":\"Terms of use\",\"isPartOf\":{\"@id\":\"https:\/\/sugardaddygayclub.com\/#website\"},\"datePublished\":\"2019-01-22T08:31:57+00:00\",\"dateModified\":\"2025-06-09T09:01:43+00:00\",\"breadcrumb\":{\"@id\":\"https:\/\/sugardaddygayclub.com\/terms-of-use\/#breadcrumb\"},\"inLanguage\":\"es\",\"potentialAction\":[{\"@type\":\"ReadAction\",\"target\":[\"https:\/\/sugardaddygayclub.com\/terms-of-use\/\"]}]},{\"@type\":\"BreadcrumbList\",\"@id\":\"https:\/\/sugardaddygayclub.com\/terms-of-use\/#breadcrumb\",\"itemListElement\":[{\"@type\":\"ListItem\",\"position\":1,\"name\":\"Home\",\"item\":\"https:\/\/sugardaddygayclub.com\/\"},{\"@type\":\"ListItem\",\"position\":2,\"name\":\"Terms of use\"}]},{\"@type\":\"WebSite\",\"@id\":\"https:\/\/sugardaddygayclub.com\/#website\",\"url\":\"https:\/\/sugardaddygayclub.com\/\",\"name\":\"Sugar Daddy Planet\",\"description\":\"World social network for sugar daddies and sugar babies.\",\"publisher\":{\"@id\":\"https:\/\/sugardaddygayclub.com\/#organization\"},\"potentialAction\":[{\"@type\":\"SearchAction\",\"target\":{\"@type\":\"EntryPoint\",\"urlTemplate\":\"https:\/\/sugardaddygayclub.com\/?s={search_term_string}\"},\"query-input\":{\"@type\":\"PropertyValueSpecification\",\"valueRequired\":true,\"valueName\":\"search_term_string\"}}],\"inLanguage\":\"es\"},{\"@type\":\"Organization\",\"@id\":\"https:\/\/sugardaddygayclub.com\/#organization\",\"name\":\"Sugar Daddy Planet\",\"url\":\"https:\/\/sugardaddygayclub.com\/\",\"logo\":{\"@type\":\"ImageObject\",\"inLanguage\":\"es\",\"@id\":\"https:\/\/sugardaddygayclub.com\/#\/schema\/logo\/image\/\",\"url\":\"\",\"contentUrl\":\"\",\"caption\":\"Sugar Daddy Planet\"},\"image\":{\"@id\":\"https:\/\/sugardaddygayclub.com\/#\/schema\/logo\/image\/\"}}]}<\/script>\n<!-- \/ Yoast SEO plugin. -->","yoast_head_json":{"title":"Condiciones de uso","robots":{"index":"noindex","follow":"nofollow"},"og_locale":"es_ES","og_type":"article","og_title":"Terms of use","og_description":"1-.Terms of use and contracting of services in sugardaddyuk.uk Prices: sugardaddyuk.uk prices include taxes in force in UK. Prices are divided according to one access.\u00a0 sugardaddyuk.uk has three plans to access the social network. \u2022\u00a0Free access:\u00a0through which the user can access the social network and view profiles as well as reading in the forum but [&hellip;]","og_url":"https:\/\/sugardaddygayclub.com\/es\/condiciones-de-uso\/","og_site_name":"Sugar Daddy Planet","article_modified_time":"2025-06-09T09:01:43+00:00","twitter_card":"summary_large_image","twitter_misc":{"Tiempo de lectura":"7 minutos"},"schema":{"@context":"https:\/\/schema.org","@graph":[{"@type":"WebPage","@id":"https:\/\/sugardaddygayclub.com\/terms-of-use\/","url":"https:\/\/sugardaddygayclub.com\/terms-of-use\/","name":"Condiciones de uso","isPartOf":{"@id":"https:\/\/sugardaddygayclub.com\/#website"},"datePublished":"2019-01-22T08:31:57+00:00","dateModified":"2025-06-09T09:01:43+00:00","breadcrumb":{"@id":"https:\/\/sugardaddygayclub.com\/terms-of-use\/#breadcrumb"},"inLanguage":"es","potentialAction":[{"@type":"ReadAction","target":["https:\/\/sugardaddygayclub.com\/terms-of-use\/"]}]},{"@type":"BreadcrumbList","@id":"https:\/\/sugardaddygayclub.com\/terms-of-use\/#breadcrumb","itemListElement":[{"@type":"ListItem","position":1,"name":"Home","item":"https:\/\/sugardaddygayclub.com\/"},{"@type":"ListItem","position":2,"name":"Terms of use"}]},{"@type":"WebSite","@id":"https:\/\/sugardaddygayclub.com\/#website","url":"https:\/\/sugardaddygayclub.com\/","name":"Planeta Sugar Daddy","description":"Red social mundial para sugar daddies y sugar babies.","publisher":{"@id":"https:\/\/sugardaddygayclub.com\/#organization"},"potentialAction":[{"@type":"SearchAction","target":{"@type":"EntryPoint","urlTemplate":"https:\/\/sugardaddygayclub.com\/?s={search_term_string}"},"query-input":{"@type":"PropertyValueSpecification","valueRequired":true,"valueName":"search_term_string"}}],"inLanguage":"es"},{"@type":"Organization","@id":"https:\/\/sugardaddygayclub.com\/#organization","name":"Planeta Sugar Daddy","url":"https:\/\/sugardaddygayclub.com\/","logo":{"@type":"ImageObject","inLanguage":"es","@id":"https:\/\/sugardaddygayclub.com\/#\/schema\/logo\/image\/","url":"","contentUrl":"","caption":"Sugar Daddy Planet"},"image":{"@id":"https:\/\/sugardaddygayclub.com\/#\/schema\/logo\/image\/"}}]}},"_links":{"self":[{"href":"https:\/\/sugardaddygayclub.com\/es\/wp-json\/wp\/v2\/pages\/2430","targetHints":{"allow":["GET"]}}],"collection":[{"href":"https:\/\/sugardaddygayclub.com\/es\/wp-json\/wp\/v2\/pages"}],"about":[{"href":"https:\/\/sugardaddygayclub.com\/es\/wp-json\/wp\/v2\/types\/page"}],"author":[{"embeddable":true,"href":"https:\/\/sugardaddygayclub.com\/es\/wp-json\/wp\/v2\/users\/1"}],"replies":[{"embeddable":true,"href":"https:\/\/sugardaddygayclub.com\/es\/wp-json\/wp\/v2\/comments?post=2430"}],"version-history":[{"count":0,"href":"https:\/\/sugardaddygayclub.com\/es\/wp-json\/wp\/v2\/pages\/2430\/revisions"}],"wp:attachment":[{"href":"https:\/\/sugardaddygayclub.com\/es\/wp-json\/wp\/v2\/media?parent=2430"}],"curies":[{"name":"wp","href":"https:\/\/api.w.org\/{rel}","templated":true}]}}