
{"id":4878,"date":"2024-09-21T08:09:27","date_gmt":"2024-09-21T07:09:27","guid":{"rendered":"https:\/\/sugardaddyplanet.com\/?page_id=4878"},"modified":"2025-10-10T13:58:00","modified_gmt":"2025-10-10T12:58:00","slug":"acerca-de-nosotros","status":"publish","type":"page","link":"https:\/\/sugardaddygayclub.com\/es\/about-us\/","title":{"rendered":"Qui\u00e9nes somos"},"content":{"rendered":"<p><strong><a href=\"https:\/\/sugardaddygayclub.com\/es\/\">Planeta Sugar Daddy<\/a><\/strong> naci\u00f3 en 2017 de la necesidad de una plataforma de sugar dating. Gracias a nuestro sencillo sistema de registro, una comunidad totalmente local y medidas anti-spam inteligentes, ofrecemos una experiencia \u00fanica en la que los usuarios pueden encontrar conexiones genuinas cerca de casa.<\/p>\n\n\n\n<h2 class=\"wp-block-heading has-text-align-center\">Nuestros valores<\/h2>\n\n\n\n<p>Entendemos que nuestra plataforma de sugar dating no ser\u00eda una comunidad sana sin un conjunto claro de valores para seguir mejorando y ofreciendo el mejor servicio a todos los usuarios:<\/p>\n\n\n\n<div class=\"wp-block-stackable-columns stk-block-columns stk-block stk-8742b59\" data-block-id=\"8742b59\"><div class=\"stk-row stk-inner-blocks stk-block-content stk-content-align stk-8742b59-column\">\n<div class=\"wp-block-stackable-column stk-block-column stk-column stk-block stk-25f475f\" data-v=\"4\" data-block-id=\"25f475f\"><div class=\"stk-column-wrapper stk-block-column__content stk-container stk-25f475f-container stk--no-background stk--no-padding\"><div class=\"stk-block-content stk-inner-blocks stk-25f475f-inner-blocks\">\n<h3 class=\"wp-block-heading has-text-align-center\">Seguridad<\/h3>\n\n\n\n<p>Aplicamos las normas de seguridad m\u00e1s estrictas posibles en todo nuestro sitio web, cumpliendo plenamente la normativa sobre protecci\u00f3n de datos.<br>Luchamos activamente contra el spam, los perfiles falsos y los contenidos enga\u00f1osos. Nuestra plataforma promueve la seguridad en las citas online, tanto dentro de nuestro sitio como en el mundo de las citas azucaradas en general.<\/p>\n\n\n\n<h3 class=\"wp-block-heading has-text-align-center\">Conf\u00ede en<\/h3>\n\n\n\n<p>Ofrecemos apoyo total, comunicaci\u00f3n clara y transparencia total.<br>Nuestra <a href=\"https:\/\/sugardaddygayclub.com\/es\/help-center-and-faqs\/\">el centro de ayuda incluye preguntas frecuentes<\/a> y la opci\u00f3n de ponerse en contacto directamente con nosotros para cualquier duda o consulta.<\/p>\n<\/div><\/div><\/div>\n\n\n\n<div class=\"wp-block-stackable-column stk-block-column stk-column stk-block stk-a0df324\" data-v=\"4\" data-block-id=\"a0df324\"><div class=\"stk-column-wrapper stk-block-column__content stk-container stk-a0df324-container stk--no-background stk--no-padding\"><div class=\"stk-block-content stk-inner-blocks stk-a0df324-inner-blocks\">\n<h3 class=\"wp-block-heading has-text-align-center\">Educaci\u00f3n<\/h3>\n\n\n\n<p>Nos esforzamos por explicar y promover una comprensi\u00f3n real de las citas azucaradas, <a href=\"https:\/\/sugardaddygayclub.com\/es\/#What-is-a-Sugar-Daddy\">amante<\/a> y <a href=\"https:\/\/sugardaddygayclub.com\/es\/#What-is-a-Sugar-Baby\">beb\u00e9 azucarado<\/a>. Cuando alguien se une, sabe exactamente de qu\u00e9 va esta comunidad.<br>Tambi\u00e9n concienciamos sobre estilos de vida y relaciones alternativos, presentando las citas azucaradas como una forma de mejorar la vida, ampliar el c\u00edrculo social y disfrutar de nuevas experiencias, no como un \u00faltimo recurso.<\/p>\n\n\n\n<h3 class=\"wp-block-heading has-text-align-center\">Transparencia<\/h3>\n\n\n\n<p>Desde nuestro sistema de pago hasta <a href=\"https:\/\/sugardaddygayclub.com\/es\/pagina-de-politica-de-privacidad\/\">pol\u00edtica de privacidad y afiliaci\u00f3n<\/a>, le proporcionamos informaci\u00f3n precisa y completa.<br><\/p>\n<\/div><\/div><\/div>\n<\/div><\/div>\n\n\n\n<h2 class=\"wp-block-heading has-text-align-center\">\u00bfQu\u00e9 nos diferencia?<\/h2>\n\n\n\n<div class=\"wp-block-stackable-columns stk-block-columns stk-block stk-0bc0431\" data-block-id=\"0bc0431\"><div class=\"stk-row stk-inner-blocks stk-block-content stk-content-align stk-0bc0431-column\">\n<div class=\"wp-block-stackable-column stk-block-column stk-column stk-block stk-b9cb707\" data-v=\"4\" data-block-id=\"b9cb707\"><div class=\"stk-column-wrapper stk-block-column__content stk-container stk-b9cb707-container stk--no-background stk--no-padding\"><div class=\"stk-block-content stk-inner-blocks stk-b9cb707-inner-blocks\">\n<h3 class=\"wp-block-heading has-text-align-center\">Comunidad local<\/h3>\n\n\n\n<p>Nuestros miembros son 100% Basado en el mundo - sin molestos mensajes bot o perfiles falsos desde el extranjero. Conoce a gente cerca de ti, sin distracciones.<\/p>\n<\/div><\/div><\/div>\n\n\n\n<div class=\"wp-block-stackable-column stk-block-column stk-column stk-block stk-6d01bdc\" data-v=\"4\" data-block-id=\"6d01bdc\"><div class=\"stk-column-wrapper stk-block-column__content stk-container stk-6d01bdc-container stk--no-background stk--no-padding\"><div class=\"stk-block-content stk-inner-blocks stk-6d01bdc-inner-blocks\">\n<h3 class=\"wp-block-heading has-text-align-center\">Discreci\u00f3n<\/h3>\n\n\n\n<p>Su privacidad es nuestra prioridad. Sin constantes ventanas emergentes ni interminables ofertas por correo electr\u00f3nico. T\u00fa tienes el control: las notificaciones son opcionales y totalmente personalizables.<\/p>\n<\/div><\/div><\/div>\n\n\n\n<div class=\"wp-block-stackable-column stk-block-column stk-column stk-block stk-49cc98e\" data-v=\"4\" data-block-id=\"49cc98e\"><div class=\"stk-column-wrapper stk-block-column__content stk-container stk-49cc98e-container stk--no-background stk--no-padding\"><div class=\"stk-block-content stk-inner-blocks stk-49cc98e-inner-blocks\">\n<h3 class=\"wp-block-heading has-text-align-center\">F\u00e1cil de usar<\/h3>\n\n\n\n<p>Sin trucos de pago por mensaje ni confusos sistemas de cr\u00e9dito. Si eres una sugar baby, chatear es gratis. Si eres un sugar daddy, pagas una simple cuota mensual - sin compromisos, cancela cuando quieras.<\/p>\n<\/div><\/div><\/div>\n<\/div><\/div>\n\n\n\n<h2 class=\"wp-block-heading has-text-align-center\">Nuestro compromiso con la Comunidad<\/h2>\n\n\n\n<div class=\"wp-block-stackable-columns stk-block-columns stk-block stk-fed4f4c\" data-block-id=\"fed4f4c\"><div class=\"stk-row stk-inner-blocks stk-block-content stk-content-align stk-fed4f4c-column\">\n<div class=\"wp-block-stackable-column stk-block-column stk-column stk-block stk-cde7a34\" data-v=\"4\" data-block-id=\"cde7a34\"><div class=\"stk-column-wrapper stk-block-column__content stk-container stk-cde7a34-container stk--no-background stk--no-padding\"><div class=\"stk-block-content stk-inner-blocks stk-cde7a34-inner-blocks\">\n<h3 class=\"wp-block-heading has-text-align-center\">Experiencias seguras y positivas<\/h3>\n\n\n\n<p>Estamos plenamente comprometidos con la seguridad y el bienestar de nuestra comunidad. Bas\u00e1ndonos en los comentarios de los blogs y en las opiniones de los usuarios, mejoramos constantemente para garantizar un entorno respetuoso y genuino.<\/p>\n<\/div><\/div><\/div>\n\n\n\n<div class=\"wp-block-stackable-column stk-block-column stk-column stk-block stk-5c888d3\" data-v=\"4\" data-block-id=\"5c888d3\"><div class=\"stk-column-wrapper stk-block-column__content stk-container stk-5c888d3-container stk--no-background stk--no-padding\"><div class=\"stk-block-content stk-inner-blocks stk-5c888d3-inner-blocks\">\n<h3 class=\"wp-block-heading has-text-align-center\">Mejora continua<\/h3>\n\n\n\n<p>Las opiniones de los usuarios nos impulsan. Escuchamos a nuestros miembros y utilizamos sus sugerencias para mejorar a\u00fan m\u00e1s nuestra plataforma.<br>Nuestro equipo de asistencia y moderaci\u00f3n est\u00e1 siempre dispuesto a ayudarle.<\/p>\n<\/div><\/div><\/div>\n\n\n\n<div class=\"wp-block-stackable-column stk-block-column stk-column stk-block stk-0d54d3e\" data-v=\"4\" data-block-id=\"0d54d3e\"><div class=\"stk-column-wrapper stk-block-column__content stk-container stk-0d54d3e-container stk--no-background stk--no-padding\"><div class=\"stk-block-content stk-inner-blocks stk-0d54d3e-inner-blocks\">\n<h3 class=\"wp-block-heading has-text-align-center\">Responsabilidad social<\/h3>\n\n\n\n<p>Apoyamos activamente una cultura digital m\u00e1s segura. Colaboramos con campa\u00f1as de concienciaci\u00f3n e iniciativas que promueven un comportamiento responsable en l\u00ednea.<br>Tambi\u00e9n apoyamos la lucha contra la trata de seres humanos y colaboramos con ONG para mantenernos alineados con sus valores y apoyar su misi\u00f3n.<\/p>\n<\/div><\/div><\/div>\n<\/div><\/div>\n\n\n\n<h2 class=\"wp-block-heading has-text-align-center\">De cara al futuro<\/h2>\n\n\n\n<h3 class=\"wp-block-heading has-text-align-center\">Innovaci\u00f3n continua<\/h3>\n\n\n\n<p>Siempre estamos evolucionando. Desde una verificaci\u00f3n de perfiles m\u00e1s inteligente hasta herramientas de privacidad avanzadas, nuestro objetivo es ofrecer una experiencia de usuario excepcional.<br>Nos mantenemos al d\u00eda de las innovaciones tecnol\u00f3gicas y las tendencias del mercado para satisfacer sus expectativas.<\/p>\n\n\n\n<h3 class=\"wp-block-heading has-text-align-center\">Fuerte presencia mundial<\/h3>\n\n\n\n<p>Estamos orgullosos de centrarnos en la comunidad brit\u00e1nica y seguiremos aumentando nuestra presencia en el mundo.<br>Sugar Daddy Planet pretende ser la plataforma de referencia para aquellos que buscan contactos genuinos en un entorno real y aut\u00e9ntico.<\/p>\n\n\n\n<p class=\"has-text-align-center\">Su privacidad, su experiencia, sus normas: bienvenido a <strong>Planeta Sugar Daddy<\/strong>.<\/p>\n\n\n<div class=\"wp-block-image\">\n<figure class=\"aligncenter size-large\"><img decoding=\"async\" src=\"https:\/\/sugardaddygayclub.com\/wp-content\/uploads\/2025\/10\/logosugardaddyplanet-500x101.avif\" alt=\"Logotipo Sugar Daddy Planet\" class=\"wp-image-7765\"\/><\/figure>\n<\/div>\n\n\n<p><\/p>","protected":false},"excerpt":{"rendered":"<p>Sugar Daddy Planet was born in 2017 out of the need for a sugar dating platform. Thanks to our easy sign-up system, a fully local community, and smart anti-spam measures, we offer a unique experience where users can find genuine connections close to home. Our Values We understand that our sugar dating platform wouldn\u2019t be [&hellip;]<\/p>\n","protected":false},"author":1,"featured_media":0,"parent":0,"menu_order":0,"comment_status":"closed","ping_status":"closed","template":"","meta":{"_bbp_topic_count":0,"_bbp_reply_count":0,"_bbp_total_topic_count":0,"_bbp_total_reply_count":0,"_bbp_voice_count":0,"_bbp_anonymous_reply_count":0,"_bbp_topic_count_hidden":0,"_bbp_reply_count_hidden":0,"_bbp_forum_subforum_count":0,"footnotes":""},"class_list":["post-4878","page","type-page","status-publish","hentry"],"featured_image_urls":{"full":"","thumbnail":"","medium":"","medium_large":"","large":"","1536x1536":"","2048x2048":"","trp-custom-language-flag":"","rt_media_thumbnail":"","rt_media_activity_image":"","rt_media_single_image":"","rt_media_featured_image":"","post-thumbnail":"","blog_carousel":"","adverts-gallery":"","adverts-list":"","adverts-upload-thumbnail":"","woocommerce_thumbnail":"","woocommerce_single":"","woocommerce_gallery_thumbnail":""},"post_excerpt_stackable":"<p>Sugar Daddy Planet was born in 2017 out of the need for a sugar dating platform. Thanks to our easy sign-up system, a fully local community, and smart anti-spam measures, we offer a unique experience where users can find genuine connections close to home. Our Values We understand that our sugar dating platform wouldn\u2019t be a healthy community without a clear set of values to keep improving and delivering the best service to all users: Security We implement the highest possible security standards across our website, fully compliant with data protection regulations.We actively fight spam, fake profiles, and misleading content.&hellip;<\/p>\n","category_list":"","author_info":{"name":"Admin","url":"https:\/\/sugardaddygayclub.com\/es\/author\/poweb\/"},"comments_num":"0 comments","featured_image_urls_v2":{"full":"","thumbnail":"","medium":"","medium_large":"","large":"","1536x1536":"","2048x2048":"","trp-custom-language-flag":"","rt_media_thumbnail":"","rt_media_activity_image":"","rt_media_single_image":"","rt_media_featured_image":"","post-thumbnail":"","blog_carousel":"","adverts-gallery":"","adverts-list":"","adverts-upload-thumbnail":"","woocommerce_thumbnail":"","woocommerce_single":"","woocommerce_gallery_thumbnail":""},"post_excerpt_stackable_v2":"<p>Sugar Daddy Planet was born in 2017 out of the need for a sugar dating platform. Thanks to our easy sign-up system, a fully local community, and smart anti-spam measures, we offer a unique experience where users can find genuine connections close to home. Our Values We understand that our sugar dating platform wouldn\u2019t be a healthy community without a clear set of values to keep improving and delivering the best service to all users: Security We implement the highest possible security standards across our website, fully compliant with data protection regulations.We actively fight spam, fake profiles, and misleading content.&hellip;<\/p>\n","category_list_v2":"","author_info_v2":{"name":"Admin","url":"https:\/\/sugardaddygayclub.com\/es\/author\/poweb\/"},"comments_num_v2":"0 comments","yoast_head":"<!-- This site is optimized with the Yoast SEO plugin v27.1.1 - https:\/\/yoast.com\/product\/yoast-seo-wordpress\/ -->\n<title>About US<\/title>\n<meta name=\"robots\" content=\"index, follow, max-snippet:-1, max-image-preview:large, max-video-preview:-1\" \/>\n<link rel=\"canonical\" href=\"https:\/\/sugardaddygayclub.com\/es\/acerca-de-nosotros\/\" \/>\n<meta property=\"og:locale\" content=\"es_ES\" \/>\n<meta property=\"og:type\" content=\"article\" \/>\n<meta property=\"og:title\" content=\"About US\" \/>\n<meta property=\"og:description\" content=\"Sugar Daddy Planet was born in 2017 out of the need for a sugar dating platform. Thanks to our easy sign-up system, a fully local community, and smart anti-spam measures, we offer a unique experience where users can find genuine connections close to home. Our Values We understand that our sugar dating platform wouldn\u2019t be [&hellip;]\" \/>\n<meta property=\"og:url\" content=\"https:\/\/sugardaddygayclub.com\/es\/acerca-de-nosotros\/\" \/>\n<meta property=\"og:site_name\" content=\"Sugar Daddy Planet\" \/>\n<meta property=\"article:modified_time\" content=\"2025-10-10T12:58:00+00:00\" \/>\n<meta name=\"twitter:card\" content=\"summary_large_image\" \/>\n<meta name=\"twitter:label1\" content=\"Tiempo de lectura\" \/>\n\t<meta name=\"twitter:data1\" content=\"3 minutos\" \/>\n<script type=\"application\/ld+json\" class=\"yoast-schema-graph\">{\"@context\":\"https:\/\/schema.org\",\"@graph\":[{\"@type\":\"WebPage\",\"@id\":\"https:\/\/sugardaddygayclub.com\/about-us\/\",\"url\":\"https:\/\/sugardaddygayclub.com\/about-us\/\",\"name\":\"About US\",\"isPartOf\":{\"@id\":\"https:\/\/sugardaddygayclub.com\/#website\"},\"primaryImageOfPage\":{\"@id\":\"https:\/\/sugardaddygayclub.com\/about-us\/#primaryimage\"},\"image\":{\"@id\":\"https:\/\/sugardaddygayclub.com\/about-us\/#primaryimage\"},\"thumbnailUrl\":\"https:\/\/sugardaddygayclub.com\/wp-content\/uploads\/2025\/10\/logosugardaddyplanet-500x101.avif\",\"datePublished\":\"2024-09-21T07:09:27+00:00\",\"dateModified\":\"2025-10-10T12:58:00+00:00\",\"breadcrumb\":{\"@id\":\"https:\/\/sugardaddygayclub.com\/about-us\/#breadcrumb\"},\"inLanguage\":\"es\",\"potentialAction\":[{\"@type\":\"ReadAction\",\"target\":[\"https:\/\/sugardaddygayclub.com\/about-us\/\"]}]},{\"@type\":\"ImageObject\",\"inLanguage\":\"es\",\"@id\":\"https:\/\/sugardaddygayclub.com\/about-us\/#primaryimage\",\"url\":\"https:\/\/sugardaddygayclub.com\/wp-content\/uploads\/2025\/10\/logosugardaddyplanet-500x101.avif\",\"contentUrl\":\"https:\/\/sugardaddygayclub.com\/wp-content\/uploads\/2025\/10\/logosugardaddyplanet-500x101.avif\"},{\"@type\":\"BreadcrumbList\",\"@id\":\"https:\/\/sugardaddygayclub.com\/about-us\/#breadcrumb\",\"itemListElement\":[{\"@type\":\"ListItem\",\"position\":1,\"name\":\"Home\",\"item\":\"https:\/\/sugardaddygayclub.com\/\"},{\"@type\":\"ListItem\",\"position\":2,\"name\":\"About US\"}]},{\"@type\":\"WebSite\",\"@id\":\"https:\/\/sugardaddygayclub.com\/#website\",\"url\":\"https:\/\/sugardaddygayclub.com\/\",\"name\":\"Sugar Daddy Planet\",\"description\":\"World social network for sugar daddies and sugar babies.\",\"publisher\":{\"@id\":\"https:\/\/sugardaddygayclub.com\/#organization\"},\"potentialAction\":[{\"@type\":\"SearchAction\",\"target\":{\"@type\":\"EntryPoint\",\"urlTemplate\":\"https:\/\/sugardaddygayclub.com\/?s={search_term_string}\"},\"query-input\":{\"@type\":\"PropertyValueSpecification\",\"valueRequired\":true,\"valueName\":\"search_term_string\"}}],\"inLanguage\":\"es\"},{\"@type\":\"Organization\",\"@id\":\"https:\/\/sugardaddygayclub.com\/#organization\",\"name\":\"Sugar Daddy Planet\",\"url\":\"https:\/\/sugardaddygayclub.com\/\",\"logo\":{\"@type\":\"ImageObject\",\"inLanguage\":\"es\",\"@id\":\"https:\/\/sugardaddygayclub.com\/#\/schema\/logo\/image\/\",\"url\":\"\",\"contentUrl\":\"\",\"caption\":\"Sugar Daddy Planet\"},\"image\":{\"@id\":\"https:\/\/sugardaddygayclub.com\/#\/schema\/logo\/image\/\"}}]}<\/script>\n<!-- \/ Yoast SEO plugin. -->","yoast_head_json":{"title":"Qui\u00e9nes somos","robots":{"index":"index","follow":"follow","max-snippet":"max-snippet:-1","max-image-preview":"max-image-preview:large","max-video-preview":"max-video-preview:-1"},"canonical":"https:\/\/sugardaddygayclub.com\/es\/acerca-de-nosotros\/","og_locale":"es_ES","og_type":"article","og_title":"About US","og_description":"Sugar Daddy Planet was born in 2017 out of the need for a sugar dating platform. Thanks to our easy sign-up system, a fully local community, and smart anti-spam measures, we offer a unique experience where users can find genuine connections close to home. Our Values We understand that our sugar dating platform wouldn\u2019t be [&hellip;]","og_url":"https:\/\/sugardaddygayclub.com\/es\/acerca-de-nosotros\/","og_site_name":"Sugar Daddy Planet","article_modified_time":"2025-10-10T12:58:00+00:00","twitter_card":"summary_large_image","twitter_misc":{"Tiempo de lectura":"3 minutos"},"schema":{"@context":"https:\/\/schema.org","@graph":[{"@type":"WebPage","@id":"https:\/\/sugardaddygayclub.com\/about-us\/","url":"https:\/\/sugardaddygayclub.com\/about-us\/","name":"Qui\u00e9nes somos","isPartOf":{"@id":"https:\/\/sugardaddygayclub.com\/#website"},"primaryImageOfPage":{"@id":"https:\/\/sugardaddygayclub.com\/about-us\/#primaryimage"},"image":{"@id":"https:\/\/sugardaddygayclub.com\/about-us\/#primaryimage"},"thumbnailUrl":"https:\/\/sugardaddygayclub.com\/wp-content\/uploads\/2025\/10\/logosugardaddyplanet-500x101.avif","datePublished":"2024-09-21T07:09:27+00:00","dateModified":"2025-10-10T12:58:00+00:00","breadcrumb":{"@id":"https:\/\/sugardaddygayclub.com\/about-us\/#breadcrumb"},"inLanguage":"es","potentialAction":[{"@type":"ReadAction","target":["https:\/\/sugardaddygayclub.com\/about-us\/"]}]},{"@type":"ImageObject","inLanguage":"es","@id":"https:\/\/sugardaddygayclub.com\/about-us\/#primaryimage","url":"https:\/\/sugardaddygayclub.com\/wp-content\/uploads\/2025\/10\/logosugardaddyplanet-500x101.avif","contentUrl":"https:\/\/sugardaddygayclub.com\/wp-content\/uploads\/2025\/10\/logosugardaddyplanet-500x101.avif"},{"@type":"BreadcrumbList","@id":"https:\/\/sugardaddygayclub.com\/about-us\/#breadcrumb","itemListElement":[{"@type":"ListItem","position":1,"name":"Home","item":"https:\/\/sugardaddygayclub.com\/"},{"@type":"ListItem","position":2,"name":"About US"}]},{"@type":"WebSite","@id":"https:\/\/sugardaddygayclub.com\/#website","url":"https:\/\/sugardaddygayclub.com\/","name":"Planeta Sugar Daddy","description":"Red social mundial para sugar daddies y sugar babies.","publisher":{"@id":"https:\/\/sugardaddygayclub.com\/#organization"},"potentialAction":[{"@type":"SearchAction","target":{"@type":"EntryPoint","urlTemplate":"https:\/\/sugardaddygayclub.com\/?s={search_term_string}"},"query-input":{"@type":"PropertyValueSpecification","valueRequired":true,"valueName":"search_term_string"}}],"inLanguage":"es"},{"@type":"Organization","@id":"https:\/\/sugardaddygayclub.com\/#organization","name":"Planeta Sugar Daddy","url":"https:\/\/sugardaddygayclub.com\/","logo":{"@type":"ImageObject","inLanguage":"es","@id":"https:\/\/sugardaddygayclub.com\/#\/schema\/logo\/image\/","url":"","contentUrl":"","caption":"Sugar Daddy Planet"},"image":{"@id":"https:\/\/sugardaddygayclub.com\/#\/schema\/logo\/image\/"}}]}},"_links":{"self":[{"href":"https:\/\/sugardaddygayclub.com\/es\/wp-json\/wp\/v2\/pages\/4878","targetHints":{"allow":["GET"]}}],"collection":[{"href":"https:\/\/sugardaddygayclub.com\/es\/wp-json\/wp\/v2\/pages"}],"about":[{"href":"https:\/\/sugardaddygayclub.com\/es\/wp-json\/wp\/v2\/types\/page"}],"author":[{"embeddable":true,"href":"https:\/\/sugardaddygayclub.com\/es\/wp-json\/wp\/v2\/users\/1"}],"replies":[{"embeddable":true,"href":"https:\/\/sugardaddygayclub.com\/es\/wp-json\/wp\/v2\/comments?post=4878"}],"version-history":[{"count":0,"href":"https:\/\/sugardaddygayclub.com\/es\/wp-json\/wp\/v2\/pages\/4878\/revisions"}],"wp:attachment":[{"href":"https:\/\/sugardaddygayclub.com\/es\/wp-json\/wp\/v2\/media?parent=4878"}],"curies":[{"name":"wp","href":"https:\/\/api.w.org\/{rel}","templated":true}]}}