
{"id":6199,"date":"2025-08-21T08:03:36","date_gmt":"2025-08-21T07:03:36","guid":{"rendered":"https:\/\/sugardaddyplanet.com\/?page_id=6199"},"modified":"2025-08-23T06:00:52","modified_gmt":"2025-08-23T05:00:52","slug":"active-response","status":"publish","type":"page","link":"https:\/\/sugardaddygayclub.com\/is\/active-response\/","title":{"rendered":"Virk vi\u00f0br\u00f6g\u00f0"},"content":{"rendered":"<p>\u00c1 <strong>Sykurpabba-pl\u00e1netan<\/strong>Vi\u00f0 leggjum \u00e1herslu \u00e1 \u00f6ryggi, gagns\u00e6i og sveigjanlega athygli gagnvart samf\u00e9lagi okkar.<br>\u00deessi stefna \u00fatsk\u00fdrir hvernig vi\u00f0 m\u00f3tt\u00f6kum, forgangsra\u00f0um og breg\u00f0umst vi\u00f0 bei\u00f0num, kv\u00f6rtunum, tilkynningum og fyrirspurnum.<\/p>\n\n\n\n<h2 class=\"wp-block-heading\">Opinberar tengili\u00f0ar\u00e1sir<\/h2>\n\n\n\n<ul class=\"wp-block-list\">\n<li><strong>Tengili\u00f0sey\u00f0ubla\u00f0<\/strong>: \/<a href=\"https:\/\/sugardaddygayclub.com\/is\/samband\/\">samband<\/a><\/li>\n\n\n\n<li><strong>Almennur stu\u00f0ningur \/ Pers\u00f3nuvernd<\/strong>: support@sugardaddyplanet.com<\/li>\n\n\n\n<li><strong>Tilkynningar um misnotkun\/\u00fer\u00e1r ... og samstarf vi\u00f0 d\u00f3msm\u00e1layfirv\u00f6ld*<\/strong>: reports@sugardaddyplanet.com<\/li>\n\n\n\n<li><strong>Pers\u00f3nuvernd<\/strong>Netfang: privacy@sugardaddyplanet.com<\/li>\n<\/ul>\n\n\n\n<h2 class=\"wp-block-heading\">Flokkun og sv\u00f6runart\u00edmar (SLA)<\/h2>\n\n\n\n<p>Vi\u00f0 forgangsra\u00f0um hverju m\u00e1li \u00ed upphafi og vinnum a\u00f0 \u00fev\u00ed a\u00f0 n\u00e1 \u00feessum markmi\u00f0um:<\/p>\n\n\n\n<figure class=\"wp-block-table\"><table class=\"has-fixed-layout\"><thead><tr><th>Forgangur<\/th><th>D\u00e6mi<\/th><th>\u00deakkir<\/th><th>Fyrstu a\u00f0ger\u00f0ir<\/th><th>\u00c1\u00e6tlu\u00f0 upplausn*<\/th><\/tr><\/thead><tbody><tr><td><strong>\u00c1r\u00ed\u00f0andi<\/strong><\/td><td>\u00c1h\u00e6tta fyrir \u00f3l\u00f6gr\u00e1\u00f0a einstaklinga e\u00f0a l\u00edkamlegt heilindi, tr\u00faver\u00f0ugar h\u00f3tanir, virk eftirl\u00edking, doxxing, dreifing \u00f3l\u00f6glegs efnis<\/td><td>0\u20136 klst.<\/td><td>0\u201312 klst.<\/td><td>24\u201348 klst.<\/td><\/tr><tr><td><strong>H\u00e1tt<\/strong><\/td><td>Svik, alvarleg \u00e1reitni, fj\u00e1rk\u00fagun, \u00f3r\u00e9ttm\u00e6tar \u00e1k\u00e6rur, gagnaleki<\/td><td>24 klst.<\/td><td>24\u201348 klst.<\/td><td>3\u20135 dagar<\/td><\/tr><tr><td><strong>Mi\u00f0lungs<\/strong><\/td><td>Pr\u00f3f\u00edlsk\u00fdrslur, villandi efni, bilanir \u00ed reikningum<\/td><td>48 klst.<\/td><td>2\u20133 dagar<\/td><td>7 dagar<\/td><\/tr><tr><td><strong>L\u00e1gt<\/strong><\/td><td>Till\u00f6gur, almennar fyrirspurnir<\/td><td>72 klst.<\/td><td>3\u20135 dagar<\/td><td>14 dagar<\/td><\/tr><\/tbody><\/table><\/figure>\n\n\n\n<p>* T\u00edmarammar geta veri\u00f0 breytilegir eftir fl\u00e6kjustigi m\u00e1ls. Ef tafir eru v\u00e6ntanlegar munum vi\u00f0 l\u00e1ta \u00feig vita af n\u00fdju \u00e1\u00e6tluninni.<\/p>\n\n\n\n<h2 class=\"wp-block-heading\">M\u00e1lsstj\u00f3rnunarferli<\/h2>\n\n\n\n<ol class=\"wp-block-list\">\n<li><strong>M\u00f3ttaka og sta\u00f0festing<\/strong>sta\u00f0festing \u00ed gegnum upprunalega r\u00e1sina me\u00f0 m\u00e1lsau\u00f0kenni.<\/li>\n\n\n\n<li><strong>Greining og forgangsr\u00f6\u00f0un<\/strong>sta\u00f0festing s\u00f6nnunargagna (skj\u00e1skot, pr\u00f3f\u00edlkenni, tenglar).<\/li>\n\n\n\n<li><strong>R\u00e1\u00f0stafanir (samkv\u00e6mt stefnu og skilm\u00e1lum)<\/strong>vi\u00f0v\u00f6run, takm\u00f6rkun \u00e1 virkni, lokun e\u00f0a lokun reiknings, fjarl\u00e6ging efnis, v\u00edsun til yfirvalda.<\/li>\n\n\n\n<li><strong>Eftirfylgni<\/strong>: vi\u00f0eigandi uppf\u00e6rslur vi\u00f0haldi\u00f0 \u00fear til lokun.<\/li>\n\n\n\n<li><strong>Lok og endurgj\u00f6f<\/strong>Vi\u00f0 tilkynnum \u00e1kv\u00f6r\u00f0unina og, ef vi\u00f0 \u00e1, \u00f6ryggisr\u00e1\u00f0leggingar.<\/li>\n<\/ol>\n\n\n\n<h2 class=\"wp-block-heading\">H\u00f3fsstj\u00f3rnun og vi\u00f0mi\u00f0<\/h2>\n\n\n\n<ul class=\"wp-block-list\">\n<li>Vi\u00f0 sameinum sj\u00e1lfvirk kerfi og mannlega \u00fattekt.<\/li>\n\n\n\n<li>Vi\u00f0 \u00feolum ekki \u00e1reitni, a\u00f0 \u00feykjast vera einhver, svik, \u00f3heimila gagnadeilingu e\u00f0a heg\u00f0un sem stofnar samf\u00e9laginu \u00ed h\u00e6ttu.<\/li>\n\n\n\n<li>\u00c1kvar\u00f0anir eru bygg\u00f0ar \u00e1 okkar eigin <a href=\"https:\/\/sugardaddygayclub.com\/is\/privacy-policy-page\/\">Reglur s\u00ed\u00f0unnar<\/a> og <a href=\"https:\/\/sugardaddygayclub.com\/is\/terms-of-use\/\">Notkunarskilm\u00e1lar<\/a>.<\/li>\n<\/ul>\n\n\n\n<h2 class=\"wp-block-heading\">\u00c1fr\u00fdjanir<\/h2>\n\n\n\n<p>Ef \u00fe\u00fa ert \u00f3samm\u00e1la r\u00e1\u00f0st\u00f6fun getur \u00fe\u00fa k\u00e6rt hana innan 20 daga me\u00f0 \u00fev\u00ed a\u00f0 skrifa \u00e1 appeals@sugardaddyplanet.com \u00e1samt m\u00e1lsn\u00fameri og frekari uppl\u00fdsingum.<br>S\u00e9rstakt teymi mun fara yfir bei\u00f0ni \u00fe\u00edna.<\/p>\n\n\n\n<h2 class=\"wp-block-heading\">Samskipti almennings og gagns\u00e6i<\/h2>\n\n\n\n<ul class=\"wp-block-list\">\n<li>Vi\u00f0 birtum tilkynningar \u00ed <a href=\"https:\/\/sugardaddygayclub.com\/is\/help-center-and-faqs\/\">hj\u00e1lparmi\u00f0st\u00f6\u00f0 <\/a>fyrir atvik sem hafa \u00e1hrif \u00e1 marga notendur.<\/li>\n\n\n\n<li>Vi\u00f0 \u00fatb\u00faum reglulega <strong>gagns\u00e6issk\u00fdrsla<\/strong> me\u00f0 samanl\u00f6g\u00f0um g\u00f6gnum um tilkynningar, svart\u00edma og a\u00f0ger\u00f0ir (\u00e1n pers\u00f3nuuppl\u00fdsinga).<\/li>\n<\/ul>\n\n\n\n<h2 class=\"wp-block-heading\">Pers\u00f3nuvernd og pers\u00f3nuuppl\u00fdsingar<\/h2>\n\n\n\n<ul class=\"wp-block-list\">\n<li>Vi\u00f0 vinnum \u00far tilkynntum g\u00f6gnum eing\u00f6ngu til a\u00f0 me\u00f0h\u00f6ndla m\u00e1li\u00f0 (lagalegur grundv\u00f6llur: l\u00f6gm\u00e6tir hagsmunir og\/e\u00f0a lagaleg fylgni).<\/li>\n\n\n\n<li>R\u00e9ttur til a\u00f0gangs, lei\u00f0r\u00e9ttingar, ey\u00f0ingar, andm\u00e6la og flytjanleika: skrifi\u00f0 til <strong>privacy@sugardaddyplanet.com<\/strong>.<\/li>\n\n\n\n<li>Geymslut\u00edmi atvikaskr\u00e1ningar: <strong>2 \u00e1r<\/strong>, nema \u00f6nnur lagaleg skylda eigi vi\u00f0.<\/li>\n\n\n\n<li>N\u00e1nari uppl\u00fdsingar \u00ed okkar <a href=\"https:\/\/sugardaddygayclub.com\/is\/privacy-policy-page\/\">Pers\u00f3nuverndar- og vafrak\u00f6kustefna<\/a>.<\/li>\n<\/ul>\n\n\n\n<h2 class=\"wp-block-heading\">Samstarf vi\u00f0 yfirv\u00f6ld<\/h2>\n\n\n\n<ul class=\"wp-block-list\">\n<li>Vi\u00f0 sv\u00f6rum gildum lagalegum bei\u00f0num og m\u00e1lum sem fela \u00ed s\u00e9r yfirvofandi \u00e1h\u00e6ttu.<\/li>\n\n\n\n<li>Vi\u00f0 munum ekki svara bei\u00f0num l\u00f6greglu \u00e1n d\u00f3ms\u00farskur\u00f0ar.<\/li>\n\n\n\n<li>Vi\u00f0 \u00f3skum eftir vi\u00f0eigandi skj\u00f6lum og skr\u00e1um hverja bei\u00f0ni til a\u00f0 tryggja gagns\u00e6i.<\/li>\n<\/ul>\n\n\n\n<h2 class=\"wp-block-heading\">\u00c1byrg uppl\u00fdsingagj\u00f6f um veikleika<\/h2>\n\n\n\n<p>Ef \u00fe\u00fa greinir \u00f6ryggisbrest:<\/p>\n\n\n\n<ul class=\"wp-block-list\">\n<li>Ekki n\u00fdta \u00fea\u00f0 e\u00f0a birta \u00fea\u00f0 opinberlega.<\/li>\n\n\n\n<li>Skrifi\u00f0 okkur \u00e1 <strong>support@sugardaddyplanet.com<\/strong> me\u00f0 skrefum til a\u00f0 endurskapa \u00fea\u00f0.<\/li>\n\n\n\n<li>Vi\u00f0 munum sta\u00f0festa m\u00f3tt\u00f6ku innan 72 klst. og l\u00e1ta okkur vita um st\u00f6\u00f0u m\u00e1la innan 7 daga.<\/li>\n\n\n\n<li>Vi\u00f0 g\u00e6tum veitt opinbera vi\u00f0urkenningu eftir \u00fev\u00ed sem vi\u00f0 \u00e1.<\/li>\n<\/ul>\n\n\n\n<h2 class=\"wp-block-heading\">Uppf\u00e6rslur \u00e1 stefnu<\/h2>\n\n\n\n<p>S\u00ed\u00f0asta ums\u00f6gn: <strong>20\/08\/2025<\/strong>.<br>Vi\u00f0 g\u00e6tum uppf\u00e6rt \u00feessar reglur til a\u00f0 b\u00e6ta ferla e\u00f0a fylgja regluger\u00f0arbreytingum.<br>Vi\u00f0 munum vi\u00f0halda <strong>breytingarsaga<\/strong>.<\/p>","protected":false},"excerpt":{"rendered":"<p>At Sugar Daddy Planet, we prioritise safety, transparency, and agile attention to our community.This policy explains how we receive, prioritise, and respond to requests, complaints, reports, and enquiries. Official Contact Channels Classification and Response Times (SLA) We assign an initial priority to each case and work to meet these objectives: Priority Examples Acknowledgement First Actions [&hellip;]<\/p>\n","protected":false},"author":1,"featured_media":0,"parent":0,"menu_order":0,"comment_status":"closed","ping_status":"closed","template":"","meta":{"_bbp_topic_count":0,"_bbp_reply_count":0,"_bbp_total_topic_count":0,"_bbp_total_reply_count":0,"_bbp_voice_count":0,"_bbp_anonymous_reply_count":0,"_bbp_topic_count_hidden":0,"_bbp_reply_count_hidden":0,"_bbp_forum_subforum_count":0,"footnotes":""},"class_list":["post-6199","page","type-page","status-publish","hentry"],"featured_image_urls":{"full":"","thumbnail":"","medium":"","medium_large":"","large":"","1536x1536":"","2048x2048":"","trp-custom-language-flag":"","rt_media_thumbnail":"","rt_media_activity_image":"","rt_media_single_image":"","rt_media_featured_image":"","post-thumbnail":"","blog_carousel":"","adverts-gallery":"","adverts-list":"","adverts-upload-thumbnail":"","woocommerce_thumbnail":"","woocommerce_single":"","woocommerce_gallery_thumbnail":""},"post_excerpt_stackable":"<p>At Sugar Daddy Planet, we prioritise safety, transparency, and agile attention to our community.This policy explains how we receive, prioritise, and respond to requests, complaints, reports, and enquiries. Official Contact Channels Contact Form: \/contact General Support \/ Privacy: support@sugardaddyplanet.com Abuse\/Impersonation Reports \u2026 and Collaboration with Judicial Authorities*: reports@sugardaddyplanet.com Privacy: privacy@sugardaddyplanet.com Classification and Response Times (SLA) We assign an initial priority to each case and work to meet these objectives: PriorityExamplesAcknowledgementFirst ActionsEstimated Resolution*UrgentRisk to minors or physical integrity, credible threats, active impersonation, doxxing, distribution of illicit content0\u20136 h0\u201312 h24\u201348 hHighFraud, severe harassment, extortion, undue charges, data leaks24 h24\u201348 h3\u20135 daysMediumProfile reports,&hellip;<\/p>\n","category_list":"","author_info":{"name":"Admin","url":"https:\/\/sugardaddygayclub.com\/is\/author\/poweb\/"},"comments_num":"0 comments","featured_image_urls_v2":{"full":"","thumbnail":"","medium":"","medium_large":"","large":"","1536x1536":"","2048x2048":"","trp-custom-language-flag":"","rt_media_thumbnail":"","rt_media_activity_image":"","rt_media_single_image":"","rt_media_featured_image":"","post-thumbnail":"","blog_carousel":"","adverts-gallery":"","adverts-list":"","adverts-upload-thumbnail":"","woocommerce_thumbnail":"","woocommerce_single":"","woocommerce_gallery_thumbnail":""},"post_excerpt_stackable_v2":"<p>At Sugar Daddy Planet, we prioritise safety, transparency, and agile attention to our community.This policy explains how we receive, prioritise, and respond to requests, complaints, reports, and enquiries. Official Contact Channels Contact Form: \/contact General Support \/ Privacy: support@sugardaddyplanet.com Abuse\/Impersonation Reports \u2026 and Collaboration with Judicial Authorities*: reports@sugardaddyplanet.com Privacy: privacy@sugardaddyplanet.com Classification and Response Times (SLA) We assign an initial priority to each case and work to meet these objectives: PriorityExamplesAcknowledgementFirst ActionsEstimated Resolution*UrgentRisk to minors or physical integrity, credible threats, active impersonation, doxxing, distribution of illicit content0\u20136 h0\u201312 h24\u201348 hHighFraud, severe harassment, extortion, undue charges, data leaks24 h24\u201348 h3\u20135 daysMediumProfile reports,&hellip;<\/p>\n","category_list_v2":"","author_info_v2":{"name":"Admin","url":"https:\/\/sugardaddygayclub.com\/is\/author\/poweb\/"},"comments_num_v2":"0 comments","yoast_head":"<!-- This site is optimized with the Yoast SEO plugin v27.1.1 - https:\/\/yoast.com\/product\/yoast-seo-wordpress\/ -->\n<title>Active Response<\/title>\n<meta name=\"robots\" content=\"index, follow, max-snippet:-1, max-image-preview:large, max-video-preview:-1\" \/>\n<link rel=\"canonical\" href=\"https:\/\/sugardaddygayclub.com\/is\/active-response\/\" \/>\n<meta property=\"og:locale\" content=\"is_IS\" \/>\n<meta property=\"og:type\" content=\"article\" \/>\n<meta property=\"og:title\" content=\"Active Response\" \/>\n<meta property=\"og:description\" content=\"At Sugar Daddy Planet, we prioritise safety, transparency, and agile attention to our community.This policy explains how we receive, prioritise, and respond to requests, complaints, reports, and enquiries. Official Contact Channels Classification and Response Times (SLA) We assign an initial priority to each case and work to meet these objectives: Priority Examples Acknowledgement First Actions [&hellip;]\" \/>\n<meta property=\"og:url\" content=\"https:\/\/sugardaddygayclub.com\/is\/active-response\/\" \/>\n<meta property=\"og:site_name\" content=\"Sugar Daddy Planet\" \/>\n<meta property=\"article:modified_time\" content=\"2025-08-23T05:00:52+00:00\" \/>\n<meta name=\"twitter:card\" content=\"summary_large_image\" \/>\n<meta name=\"twitter:label1\" content=\"Est. reading time\" \/>\n\t<meta name=\"twitter:data1\" content=\"3 minutes\" \/>\n<script type=\"application\/ld+json\" class=\"yoast-schema-graph\">{\"@context\":\"https:\/\/schema.org\",\"@graph\":[{\"@type\":\"WebPage\",\"@id\":\"https:\/\/sugardaddygayclub.com\/active-response\/\",\"url\":\"https:\/\/sugardaddygayclub.com\/active-response\/\",\"name\":\"Active Response\",\"isPartOf\":{\"@id\":\"https:\/\/sugardaddygayclub.com\/#website\"},\"datePublished\":\"2025-08-21T07:03:36+00:00\",\"dateModified\":\"2025-08-23T05:00:52+00:00\",\"breadcrumb\":{\"@id\":\"https:\/\/sugardaddygayclub.com\/active-response\/#breadcrumb\"},\"inLanguage\":\"is\",\"potentialAction\":[{\"@type\":\"ReadAction\",\"target\":[\"https:\/\/sugardaddygayclub.com\/active-response\/\"]}]},{\"@type\":\"BreadcrumbList\",\"@id\":\"https:\/\/sugardaddygayclub.com\/active-response\/#breadcrumb\",\"itemListElement\":[{\"@type\":\"ListItem\",\"position\":1,\"name\":\"Home\",\"item\":\"https:\/\/sugardaddygayclub.com\/\"},{\"@type\":\"ListItem\",\"position\":2,\"name\":\"Active Response\"}]},{\"@type\":\"WebSite\",\"@id\":\"https:\/\/sugardaddygayclub.com\/#website\",\"url\":\"https:\/\/sugardaddygayclub.com\/\",\"name\":\"Sugar Daddy Planet\",\"description\":\"World social network for sugar daddies and sugar babies.\",\"publisher\":{\"@id\":\"https:\/\/sugardaddygayclub.com\/#organization\"},\"potentialAction\":[{\"@type\":\"SearchAction\",\"target\":{\"@type\":\"EntryPoint\",\"urlTemplate\":\"https:\/\/sugardaddygayclub.com\/?s={search_term_string}\"},\"query-input\":{\"@type\":\"PropertyValueSpecification\",\"valueRequired\":true,\"valueName\":\"search_term_string\"}}],\"inLanguage\":\"is\"},{\"@type\":\"Organization\",\"@id\":\"https:\/\/sugardaddygayclub.com\/#organization\",\"name\":\"Sugar Daddy Planet\",\"url\":\"https:\/\/sugardaddygayclub.com\/\",\"logo\":{\"@type\":\"ImageObject\",\"inLanguage\":\"is\",\"@id\":\"https:\/\/sugardaddygayclub.com\/#\/schema\/logo\/image\/\",\"url\":\"\",\"contentUrl\":\"\",\"caption\":\"Sugar Daddy Planet\"},\"image\":{\"@id\":\"https:\/\/sugardaddygayclub.com\/#\/schema\/logo\/image\/\"}}]}<\/script>\n<!-- \/ Yoast SEO plugin. -->","yoast_head_json":{"title":"Virk vi\u00f0br\u00f6g\u00f0","robots":{"index":"index","follow":"follow","max-snippet":"max-snippet:-1","max-image-preview":"max-image-preview:large","max-video-preview":"max-video-preview:-1"},"canonical":"https:\/\/sugardaddygayclub.com\/is\/active-response\/","og_locale":"is_IS","og_type":"article","og_title":"Active Response","og_description":"At Sugar Daddy Planet, we prioritise safety, transparency, and agile attention to our community.This policy explains how we receive, prioritise, and respond to requests, complaints, reports, and enquiries. Official Contact Channels Classification and Response Times (SLA) We assign an initial priority to each case and work to meet these objectives: Priority Examples Acknowledgement First Actions [&hellip;]","og_url":"https:\/\/sugardaddygayclub.com\/is\/active-response\/","og_site_name":"Sugar Daddy Planet","article_modified_time":"2025-08-23T05:00:52+00:00","twitter_card":"summary_large_image","twitter_misc":{"Est. reading time":"3 minutes"},"schema":{"@context":"https:\/\/schema.org","@graph":[{"@type":"WebPage","@id":"https:\/\/sugardaddygayclub.com\/active-response\/","url":"https:\/\/sugardaddygayclub.com\/active-response\/","name":"Virk vi\u00f0br\u00f6g\u00f0","isPartOf":{"@id":"https:\/\/sugardaddygayclub.com\/#website"},"datePublished":"2025-08-21T07:03:36+00:00","dateModified":"2025-08-23T05:00:52+00:00","breadcrumb":{"@id":"https:\/\/sugardaddygayclub.com\/active-response\/#breadcrumb"},"inLanguage":"is","potentialAction":[{"@type":"ReadAction","target":["https:\/\/sugardaddygayclub.com\/active-response\/"]}]},{"@type":"BreadcrumbList","@id":"https:\/\/sugardaddygayclub.com\/active-response\/#breadcrumb","itemListElement":[{"@type":"ListItem","position":1,"name":"Home","item":"https:\/\/sugardaddygayclub.com\/"},{"@type":"ListItem","position":2,"name":"Active Response"}]},{"@type":"WebSite","@id":"https:\/\/sugardaddygayclub.com\/#website","url":"https:\/\/sugardaddygayclub.com\/","name":"Sykurpabba-pl\u00e1netan","description":"Al\u00fej\u00f3\u00f0legt samf\u00e9lagsmi\u00f0ill fyrir sykurpabba og sykurb\u00f6rn.","publisher":{"@id":"https:\/\/sugardaddygayclub.com\/#organization"},"potentialAction":[{"@type":"SearchAction","target":{"@type":"EntryPoint","urlTemplate":"https:\/\/sugardaddygayclub.com\/?s={search_term_string}"},"query-input":{"@type":"PropertyValueSpecification","valueRequired":true,"valueName":"search_term_string"}}],"inLanguage":"is"},{"@type":"Organization","@id":"https:\/\/sugardaddygayclub.com\/#organization","name":"Sykurpabba-pl\u00e1netan","url":"https:\/\/sugardaddygayclub.com\/","logo":{"@type":"ImageObject","inLanguage":"is","@id":"https:\/\/sugardaddygayclub.com\/#\/schema\/logo\/image\/","url":"","contentUrl":"","caption":"Sugar Daddy Planet"},"image":{"@id":"https:\/\/sugardaddygayclub.com\/#\/schema\/logo\/image\/"}}]}},"_links":{"self":[{"href":"https:\/\/sugardaddygayclub.com\/is\/wp-json\/wp\/v2\/pages\/6199","targetHints":{"allow":["GET"]}}],"collection":[{"href":"https:\/\/sugardaddygayclub.com\/is\/wp-json\/wp\/v2\/pages"}],"about":[{"href":"https:\/\/sugardaddygayclub.com\/is\/wp-json\/wp\/v2\/types\/page"}],"author":[{"embeddable":true,"href":"https:\/\/sugardaddygayclub.com\/is\/wp-json\/wp\/v2\/users\/1"}],"replies":[{"embeddable":true,"href":"https:\/\/sugardaddygayclub.com\/is\/wp-json\/wp\/v2\/comments?post=6199"}],"version-history":[{"count":0,"href":"https:\/\/sugardaddygayclub.com\/is\/wp-json\/wp\/v2\/pages\/6199\/revisions"}],"wp:attachment":[{"href":"https:\/\/sugardaddygayclub.com\/is\/wp-json\/wp\/v2\/media?parent=6199"}],"curies":[{"name":"wp","href":"https:\/\/api.w.org\/{rel}","templated":true}]}}