
{"id":4837,"date":"2024-05-20T10:15:11","date_gmt":"2024-05-20T09:15:11","guid":{"rendered":"https:\/\/sugardaddyplanet.com\/?page_id=4837"},"modified":"2025-06-09T09:47:30","modified_gmt":"2025-06-09T08:47:30","slug":"how-does-it-work","status":"publish","type":"page","link":"https:\/\/sugardaddygayclub.com\/pl\/how-does-it-work\/","title":{"rendered":"Jak to dzia\u0142a?"},"content":{"rendered":"<p>sugar daddy Uk has a very simple operation. On this website you can find people who are looking for experiences, friendships and high-level relationships.<\/p>\n\n\n\n<h2 class=\"wp-block-heading\" id=\"h-como-funciona-para-sugar-daddy\">How it works for sugar daddy:<\/h2>\n\n\n\n<p>Open a profile that describes you and shows your interests and the type of deal you are looking for. Remember that these types of dates are not sporadic but they can be very diverse. Next you will have to do is put a photo that expresses what you are looking for, remember that an image is worth 1000 words. Sugar daddies can look for different types of relationships.<\/p>\n\n\n\n<h2 class=\"wp-block-heading\" id=\"h-como-funciona-para-sugar-baby\">How does sugar baby work?<\/h2>\n\n\n\n<p>Try to have a profile that attracts attention but is not vulgar. True sugar babies must be distinguished and discreet. Once you have set up your profile, all that remains is to look for a sugar daddy who can give you the advantages you need in the relationship. Don&#8217;t forget to be careful with Fakes!<\/p>\n\n\n\n<h2 class=\"wp-block-heading has-text-align-center\" id=\"h-un-peque-o-tutorial-sobre-el-funcionamiento-de-la-plataforma\">A short tutorial on how the platform works:<\/h2>\n\n\n\n<p>Once your profile is open you will find this page, if you are on a computer you just have to place the mouse over the image of the doll to change it. On Mobile you will have a button. Remember that without a profile image you cannot chat!<\/p>\n\n\n\n<p>Improving your profile: A simple profile is fine, but if you really want to find someone like you, it doesn&#8217;t hurt to add extra information. In the profile tab and then in edit you can put much more information about yourself from body type to your ideal date.<\/p>\n\n\n\n<p>In sugar daddy Uk when someone sends you a message you receive an email. Maybe you prefer this not to be the case, simply click on the settings tab and in the email tab you can select if you do not want to receive emails. In the settings tab you can also decide how or who you want to see your profile, export your data and delete your account.<\/p>\n\n\n\n<p>Do you want to upload photos and videos? It&#8217;s simple, you just have to go to the Media tab and upload those photos or videos that you want to share. You can even upload the music you like! We can&#8217;t wait to hear what your favorite songs are and see that nice sugar daddy car! \ud83d\ude09<\/p>\n\n\n\n<h2 class=\"wp-block-heading has-text-align-center\" id=\"notificaciones-web\">Web Notifications Push<\/h2>\n\n\n\n<p>Our website allows you to receive notifications when a user is online. Normally, notifications are set up in the browser, but in some cases, an error occurs because the browser&#8217;s notification system is not activated. Below we tell you how to activate it:<\/p>\n\n\n\n<p><strong>Before doing these steps, make sure you&#8217;re on the website: <a class=\"\" href=\"https:\/\/sugardaddygayclub.com\/pl\/\">sugardaddyuk.uk<\/a><\/strong><\/p>\n\n\n\n<h3 class=\"wp-block-heading\">Step-by-step to activate notifications on <strong>iPhone<\/strong> (using Safari):<\/h3>\n\n\n\n<ol class=\"wp-block-list\">\n<li>Open <strong>Safari<\/strong> and go to <a class=\"\" href=\"https:\/\/sugardaddygayclub.com\/pl\/\">sugardaddyuk.uk<\/a>.<\/li>\n\n\n\n<li>Tap the <strong>Share icon<\/strong> (a square with an arrow pointing up).<\/li>\n\n\n\n<li>Choose <strong>&#8220;Add to Home Screen&#8221;<\/strong>.<\/li>\n\n\n\n<li>A shortcut will be added to your iPhone like an app.<\/li>\n\n\n\n<li>Open the website using that icon from your home screen.<\/li>\n\n\n\n<li>Now the site will be able to ask for notification permissions.<\/li>\n\n\n\n<li>When the message appears, tap <strong>&#8220;Allow&#8221;<\/strong>.<\/li>\n<\/ol>\n\n\n\n<h3 class=\"wp-block-heading\">On <strong>Android<\/strong> (using Google Chrome):<\/h3>\n\n\n\n<ol class=\"wp-block-list\">\n<li>Open <strong>Chrome<\/strong> on your phone.<\/li>\n\n\n\n<li>Make sure you&#8217;re visiting <a class=\"\" href=\"https:\/\/sugardaddygayclub.com\/pl\/\">sugardaddyuk.uk<\/a>.<\/li>\n\n\n\n<li>Tap the <strong>padlock icon \ud83d\udd12<\/strong> on the left of the address bar.<\/li>\n\n\n\n<li>Tap on <strong>&#8220;Permissions&#8221;<\/strong> or <strong>&#8220;Notifications&#8221;<\/strong>.<\/li>\n\n\n\n<li>If it says <strong>&#8220;Blocked&#8221;<\/strong>, change it to <strong>&#8220;Allow&#8221;<\/strong>.<\/li>\n\n\n\n<li>Reload the page. If needed, tap a button on the site (if available) to request permission again.<\/li>\n\n\n\n<li><\/li>\n<\/ol>\n\n\n\n<p>Do you have any questions about the operation of the website? Do not hesitate to write us an email to info@sugardaddyplanet.com or using the following form:<\/p>\n\n\n\n<div class=\"wpcf7 no-js\" id=\"wpcf7-f4373-o1\" lang=\"en-US\" dir=\"ltr\" data-wpcf7-id=\"4373\">\n<div class=\"screen-reader-response\"><p role=\"status\" aria-live=\"polite\" aria-atomic=\"true\"><\/p> <ul><\/ul><\/div>\n<form action=\"\/pl\/wp-json\/wp\/v2\/pages\/4837#wpcf7-f4373-o1\" method=\"post\" class=\"wpcf7-form init\" aria-label=\"Contact form\" novalidate=\"novalidate\" data-status=\"init\" data-trp-original-action=\"\/pl\/wp-json\/wp\/v2\/pages\/4837#wpcf7-f4373-o1\">\n<fieldset class=\"hidden-fields-container\"><input type=\"hidden\" name=\"_wpcf7\" value=\"4373\" \/><input type=\"hidden\" name=\"_wpcf7_version\" value=\"6.1.5\" \/><input type=\"hidden\" name=\"_wpcf7_locale\" value=\"en_US\" \/><input type=\"hidden\" name=\"_wpcf7_unit_tag\" value=\"wpcf7-f4373-o1\" \/><input type=\"hidden\" name=\"_wpcf7_container_post\" value=\"0\" \/><input type=\"hidden\" name=\"_wpcf7_posted_data_hash\" value=\"\" \/><input type=\"hidden\" name=\"_wpcf7_recaptcha_response\" value=\"\" \/>\n<\/fieldset>\n<p><label> Your name<br \/>\n<span class=\"wpcf7-form-control-wrap\" data-name=\"your-name\"><input size=\"40\" maxlength=\"400\" class=\"wpcf7-form-control wpcf7-text wpcf7-validates-as-required\" aria-required=\"true\" aria-invalid=\"false\" value=\"\" type=\"text\" name=\"your-name\" \/><\/span> <\/label>\n<\/p>\n<p><label> Your email<br \/>\n<span class=\"wpcf7-form-control-wrap\" data-name=\"your-email\"><input size=\"40\" maxlength=\"400\" class=\"wpcf7-form-control wpcf7-email wpcf7-validates-as-required wpcf7-text wpcf7-validates-as-email\" aria-required=\"true\" aria-invalid=\"false\" value=\"\" type=\"email\" name=\"your-email\" \/><\/span> <\/label>\n<\/p>\n<p><label> Subject<br \/>\n<span class=\"wpcf7-form-control-wrap\" data-name=\"your-subject\"><input size=\"40\" maxlength=\"400\" class=\"wpcf7-form-control wpcf7-text wpcf7-validates-as-required\" aria-required=\"true\" aria-invalid=\"false\" value=\"\" type=\"text\" name=\"your-subject\" \/><\/span> <\/label>\n<\/p>\n<p><label> Your message (optional)<br \/>\n<span class=\"wpcf7-form-control-wrap\" data-name=\"your-message\"><textarea cols=\"40\" rows=\"10\" maxlength=\"2000\" class=\"wpcf7-form-control wpcf7-textarea\" aria-invalid=\"false\" name=\"your-message\"><\/textarea><\/span> <\/label>\n<\/p>\n<p><input class=\"wpcf7-form-control wpcf7-submit has-spinner\" type=\"submit\" value=\"Submit\" \/>\n<\/p><div class=\"wpcf7-response-output\" aria-hidden=\"true\"><\/div>\n<input type=\"hidden\" name=\"trp-form-language\" value=\"pl\"\/><\/form>\n<\/div>","protected":false},"excerpt":{"rendered":"<p>sugar daddy Uk has a very simple operation. On this website you can find people who are looking for experiences, friendships and high-level relationships. How it works for sugar daddy: Open a profile that describes you and shows your interests and the type of deal you are looking for. Remember that these types of dates [&hellip;]<\/p>\n","protected":false},"author":1,"featured_media":0,"parent":0,"menu_order":0,"comment_status":"closed","ping_status":"closed","template":"","meta":{"_bbp_topic_count":0,"_bbp_reply_count":0,"_bbp_total_topic_count":0,"_bbp_total_reply_count":0,"_bbp_voice_count":0,"_bbp_anonymous_reply_count":0,"_bbp_topic_count_hidden":0,"_bbp_reply_count_hidden":0,"_bbp_forum_subforum_count":0,"footnotes":""},"class_list":["post-4837","page","type-page","status-publish","hentry"],"featured_image_urls":{"full":"","thumbnail":"","medium":"","medium_large":"","large":"","1536x1536":"","2048x2048":"","trp-custom-language-flag":"","rt_media_thumbnail":"","rt_media_activity_image":"","rt_media_single_image":"","rt_media_featured_image":"","post-thumbnail":"","blog_carousel":"","adverts-gallery":"","adverts-list":"","adverts-upload-thumbnail":"","woocommerce_thumbnail":"","woocommerce_single":"","woocommerce_gallery_thumbnail":""},"post_excerpt_stackable":"<p>sugar daddy Uk has a very simple operation. On this website you can find people who are looking for experiences, friendships and high-level relationships. How it works for sugar daddy: Open a profile that describes you and shows your interests and the type of deal you are looking for. Remember that these types of dates are not sporadic but they can be very diverse. Next you will have to do is put a photo that expresses what you are looking for, remember that an image is worth 1000 words. Sugar daddies can look for different types of relationships. How does&hellip;<\/p>\n","category_list":"","author_info":{"name":"Administrator","url":"https:\/\/sugardaddygayclub.com\/pl\/author\/poweb\/"},"comments_num":"0 comments","featured_image_urls_v2":{"full":"","thumbnail":"","medium":"","medium_large":"","large":"","1536x1536":"","2048x2048":"","trp-custom-language-flag":"","rt_media_thumbnail":"","rt_media_activity_image":"","rt_media_single_image":"","rt_media_featured_image":"","post-thumbnail":"","blog_carousel":"","adverts-gallery":"","adverts-list":"","adverts-upload-thumbnail":"","woocommerce_thumbnail":"","woocommerce_single":"","woocommerce_gallery_thumbnail":""},"post_excerpt_stackable_v2":"<p>sugar daddy Uk has a very simple operation. On this website you can find people who are looking for experiences, friendships and high-level relationships. How it works for sugar daddy: Open a profile that describes you and shows your interests and the type of deal you are looking for. Remember that these types of dates are not sporadic but they can be very diverse. Next you will have to do is put a photo that expresses what you are looking for, remember that an image is worth 1000 words. Sugar daddies can look for different types of relationships. How does&hellip;<\/p>\n","category_list_v2":"","author_info_v2":{"name":"Administrator","url":"https:\/\/sugardaddygayclub.com\/pl\/author\/poweb\/"},"comments_num_v2":"0 comments","yoast_head":"<!-- This site is optimized with the Yoast SEO plugin v27.1.1 - https:\/\/yoast.com\/product\/yoast-seo-wordpress\/ -->\n<title>How does it work?<\/title>\n<meta name=\"robots\" content=\"index, follow, max-snippet:-1, max-image-preview:large, max-video-preview:-1\" \/>\n<link rel=\"canonical\" href=\"https:\/\/sugardaddygayclub.com\/pl\/how-does-it-work\/\" \/>\n<meta property=\"og:locale\" content=\"pl_PL\" \/>\n<meta property=\"og:type\" content=\"article\" \/>\n<meta property=\"og:title\" content=\"How does it work?\" \/>\n<meta property=\"og:description\" content=\"sugar daddy Uk has a very simple operation. On this website you can find people who are looking for experiences, friendships and high-level relationships. How it works for sugar daddy: Open a profile that describes you and shows your interests and the type of deal you are looking for. Remember that these types of dates [&hellip;]\" \/>\n<meta property=\"og:url\" content=\"https:\/\/sugardaddygayclub.com\/pl\/how-does-it-work\/\" \/>\n<meta property=\"og:site_name\" content=\"Sugar Daddy Planet\" \/>\n<meta property=\"article:modified_time\" content=\"2025-06-09T08:47:30+00:00\" \/>\n<meta name=\"twitter:card\" content=\"summary_large_image\" \/>\n<meta name=\"twitter:label1\" content=\"Szacowany czas czytania\" \/>\n\t<meta name=\"twitter:data1\" content=\"3 minuty\" \/>\n<script type=\"application\/ld+json\" class=\"yoast-schema-graph\">{\"@context\":\"https:\/\/schema.org\",\"@graph\":[{\"@type\":\"WebPage\",\"@id\":\"https:\/\/sugardaddygayclub.com\/how-does-it-work\/\",\"url\":\"https:\/\/sugardaddygayclub.com\/how-does-it-work\/\",\"name\":\"How does it work?\",\"isPartOf\":{\"@id\":\"https:\/\/sugardaddygayclub.com\/#website\"},\"datePublished\":\"2024-05-20T09:15:11+00:00\",\"dateModified\":\"2025-06-09T08:47:30+00:00\",\"breadcrumb\":{\"@id\":\"https:\/\/sugardaddygayclub.com\/how-does-it-work\/#breadcrumb\"},\"inLanguage\":\"pl-PL\",\"potentialAction\":[{\"@type\":\"ReadAction\",\"target\":[\"https:\/\/sugardaddygayclub.com\/how-does-it-work\/\"]}]},{\"@type\":\"BreadcrumbList\",\"@id\":\"https:\/\/sugardaddygayclub.com\/how-does-it-work\/#breadcrumb\",\"itemListElement\":[{\"@type\":\"ListItem\",\"position\":1,\"name\":\"Home\",\"item\":\"https:\/\/sugardaddygayclub.com\/\"},{\"@type\":\"ListItem\",\"position\":2,\"name\":\"How does it work?\"}]},{\"@type\":\"WebSite\",\"@id\":\"https:\/\/sugardaddygayclub.com\/#website\",\"url\":\"https:\/\/sugardaddygayclub.com\/\",\"name\":\"Sugar Daddy Planet\",\"description\":\"World social network for sugar daddies and sugar babies.\",\"publisher\":{\"@id\":\"https:\/\/sugardaddygayclub.com\/#organization\"},\"potentialAction\":[{\"@type\":\"SearchAction\",\"target\":{\"@type\":\"EntryPoint\",\"urlTemplate\":\"https:\/\/sugardaddygayclub.com\/?s={search_term_string}\"},\"query-input\":{\"@type\":\"PropertyValueSpecification\",\"valueRequired\":true,\"valueName\":\"search_term_string\"}}],\"inLanguage\":\"pl-PL\"},{\"@type\":\"Organization\",\"@id\":\"https:\/\/sugardaddygayclub.com\/#organization\",\"name\":\"Sugar Daddy Planet\",\"url\":\"https:\/\/sugardaddygayclub.com\/\",\"logo\":{\"@type\":\"ImageObject\",\"inLanguage\":\"pl-PL\",\"@id\":\"https:\/\/sugardaddygayclub.com\/#\/schema\/logo\/image\/\",\"url\":\"\",\"contentUrl\":\"\",\"caption\":\"Sugar Daddy Planet\"},\"image\":{\"@id\":\"https:\/\/sugardaddygayclub.com\/#\/schema\/logo\/image\/\"}}]}<\/script>\n<!-- \/ Yoast SEO plugin. -->","yoast_head_json":{"title":"Jak to dzia\u0142a?","robots":{"index":"index","follow":"follow","max-snippet":"max-snippet:-1","max-image-preview":"max-image-preview:large","max-video-preview":"max-video-preview:-1"},"canonical":"https:\/\/sugardaddygayclub.com\/pl\/how-does-it-work\/","og_locale":"pl_PL","og_type":"article","og_title":"How does it work?","og_description":"sugar daddy Uk has a very simple operation. On this website you can find people who are looking for experiences, friendships and high-level relationships. How it works for sugar daddy: Open a profile that describes you and shows your interests and the type of deal you are looking for. Remember that these types of dates [&hellip;]","og_url":"https:\/\/sugardaddygayclub.com\/pl\/how-does-it-work\/","og_site_name":"Sugar Daddy Planet","article_modified_time":"2025-06-09T08:47:30+00:00","twitter_card":"summary_large_image","twitter_misc":{"Szacowany czas czytania":"3 minuty"},"schema":{"@context":"https:\/\/schema.org","@graph":[{"@type":"WebPage","@id":"https:\/\/sugardaddygayclub.com\/how-does-it-work\/","url":"https:\/\/sugardaddygayclub.com\/how-does-it-work\/","name":"Jak to dzia\u0142a?","isPartOf":{"@id":"https:\/\/sugardaddygayclub.com\/#website"},"datePublished":"2024-05-20T09:15:11+00:00","dateModified":"2025-06-09T08:47:30+00:00","breadcrumb":{"@id":"https:\/\/sugardaddygayclub.com\/how-does-it-work\/#breadcrumb"},"inLanguage":"pl-PL","potentialAction":[{"@type":"ReadAction","target":["https:\/\/sugardaddygayclub.com\/how-does-it-work\/"]}]},{"@type":"BreadcrumbList","@id":"https:\/\/sugardaddygayclub.com\/how-does-it-work\/#breadcrumb","itemListElement":[{"@type":"ListItem","position":1,"name":"Home","item":"https:\/\/sugardaddygayclub.com\/"},{"@type":"ListItem","position":2,"name":"How does it work?"}]},{"@type":"WebSite","@id":"https:\/\/sugardaddygayclub.com\/#website","url":"https:\/\/sugardaddygayclub.com\/","name":"Sugar Daddy Planet","description":"\u015awiatowa sie\u0107 spo\u0142eczno\u015bciowa dla sugar daddies i sugar babies.","publisher":{"@id":"https:\/\/sugardaddygayclub.com\/#organization"},"potentialAction":[{"@type":"SearchAction","target":{"@type":"EntryPoint","urlTemplate":"https:\/\/sugardaddygayclub.com\/?s={search_term_string}"},"query-input":{"@type":"PropertyValueSpecification","valueRequired":true,"valueName":"search_term_string"}}],"inLanguage":"pl-PL"},{"@type":"Organization","@id":"https:\/\/sugardaddygayclub.com\/#organization","name":"Sugar Daddy Planet","url":"https:\/\/sugardaddygayclub.com\/","logo":{"@type":"ImageObject","inLanguage":"pl-PL","@id":"https:\/\/sugardaddygayclub.com\/#\/schema\/logo\/image\/","url":"","contentUrl":"","caption":"Sugar Daddy Planet"},"image":{"@id":"https:\/\/sugardaddygayclub.com\/#\/schema\/logo\/image\/"}}]}},"_links":{"self":[{"href":"https:\/\/sugardaddygayclub.com\/pl\/wp-json\/wp\/v2\/pages\/4837","targetHints":{"allow":["GET"]}}],"collection":[{"href":"https:\/\/sugardaddygayclub.com\/pl\/wp-json\/wp\/v2\/pages"}],"about":[{"href":"https:\/\/sugardaddygayclub.com\/pl\/wp-json\/wp\/v2\/types\/page"}],"author":[{"embeddable":true,"href":"https:\/\/sugardaddygayclub.com\/pl\/wp-json\/wp\/v2\/users\/1"}],"replies":[{"embeddable":true,"href":"https:\/\/sugardaddygayclub.com\/pl\/wp-json\/wp\/v2\/comments?post=4837"}],"version-history":[{"count":0,"href":"https:\/\/sugardaddygayclub.com\/pl\/wp-json\/wp\/v2\/pages\/4837\/revisions"}],"wp:attachment":[{"href":"https:\/\/sugardaddygayclub.com\/pl\/wp-json\/wp\/v2\/media?parent=4837"}],"curies":[{"name":"wp","href":"https:\/\/api.w.org\/{rel}","templated":true}]}}